{"id":7608,"date":"2025-09-08T18:18:02","date_gmt":"2025-09-08T16:18:02","guid":{"rendered":"https:\/\/florealpeleato.com\/a-propos-de-moi\/"},"modified":"2025-09-17T18:13:17","modified_gmt":"2025-09-17T16:13:17","slug":"a-mon-sujet","status":"publish","type":"page","link":"https:\/\/florealpeleato.com\/fr\/a-mon-sujet\/","title":{"rendered":"\u00c0 mon sujet"},"content":{"rendered":"\t\t<div data-elementor-type=\"wp-page\" data-elementor-id=\"7608\" class=\"elementor elementor-7608 elementor-22\" data-elementor-post-type=\"page\">\n\t\t\t\t<div class=\"elementor-element elementor-element-1317c08f e-con-full e-flex e-con e-parent\" data-id=\"1317c08f\" data-element_type=\"container\" data-settings=\"{&quot;background_background&quot;:&quot;classic&quot;}\">\n\t\t<div class=\"elementor-element elementor-element-6bf3945e e-con-full e-flex e-con e-child\" data-id=\"6bf3945e\" data-element_type=\"container\">\n\t\t\t\t<div class=\"elementor-element elementor-element-258f778 elementor-widget elementor-widget-image\" data-id=\"258f778\" data-element_type=\"widget\" data-widget_type=\"image.default\">\n\t\t\t\t\t\t\t\t\t\t\t\t\t\t\t<img fetchpriority=\"high\" decoding=\"async\" width=\"1200\" height=\"1200\" src=\"https:\/\/florealpeleato.com\/wp-content\/uploads\/2025\/09\/sobre-mi-main.jpg\" class=\"attachment-full size-full wp-image-7496\" alt=\"\" srcset=\"https:\/\/florealpeleato.com\/wp-content\/uploads\/2025\/09\/sobre-mi-main.jpg 1200w, https:\/\/florealpeleato.com\/wp-content\/uploads\/2025\/09\/sobre-mi-main-300x300.jpg 300w, https:\/\/florealpeleato.com\/wp-content\/uploads\/2025\/09\/sobre-mi-main-1024x1024.jpg 1024w, https:\/\/florealpeleato.com\/wp-content\/uploads\/2025\/09\/sobre-mi-main-150x150.jpg 150w, https:\/\/florealpeleato.com\/wp-content\/uploads\/2025\/09\/sobre-mi-main-768x768.jpg 768w\" sizes=\"(max-width: 1200px) 100vw, 1200px\" \/>\t\t\t\t\t\t\t\t\t\t\t\t\t\t\t<\/div>\n\t\t\t\t<\/div>\n\t\t<div class=\"elementor-element elementor-element-1d1ceeb7 e-con-full e-flex e-con e-child\" data-id=\"1d1ceeb7\" data-element_type=\"container\">\n\t\t\t\t<div class=\"elementor-element elementor-element-5441cb66 elementor-widget elementor-widget-heading\" data-id=\"5441cb66\" data-element_type=\"widget\" data-widget_type=\"heading.default\">\n\t\t\t\t\t<h1 class=\"elementor-heading-title elementor-size-default\">\u00c0 mon sujet<\/h1>\t\t\t\t<\/div>\n\t\t\t\t<div class=\"elementor-element elementor-element-6d70743 elementor-widget elementor-widget-text-editor\" data-id=\"6d70743\" data-element_type=\"widget\" data-widget_type=\"text-editor.default\">\n\t\t\t\t\t\t\t\t\t<p>Mes premiers plaisirs cin\u00e9matographiques m&rsquo;ont \u00e9t\u00e9 offerts par des films programm\u00e9s \u00e0 la t\u00e9l\u00e9vision, mais parfois mes parents m&rsquo;envoyaient au lit t\u00f4t, trop \u00e0 mon go\u00fbt. En restant \u00e0 l&rsquo;\u00e9coute des films depuis la chambre, j&rsquo;ai d\u00e9couvert l&rsquo;espace dit \u00ab off \u00bb.<\/p><p>Pendant mon enfance, j&rsquo;ai aim\u00e9 regarder des films noirs et des com\u00e9dies, parmi lesquels l&rsquo;antidote \u00e0 la tristesse le plus euphorisant que je connaisse&nbsp;: Chantons sous la pluie (Singin&rsquo; in the rain, Stanley Donen et Gene Kelly, 1952). Sans aucun doute, \u00ab&nbsp;Good mornin&rsquo;&nbsp;\u00bb peut adoucir toute trace souterraine de m\u00e9lancolie. <\/p>\t\t\t\t\t\t\t\t<\/div>\n\t\t\t\t<\/div>\n\t\t\t\t<\/div>\n\t\t<div class=\"elementor-element elementor-element-e9110cb e-flex e-con-boxed e-con e-parent\" data-id=\"e9110cb\" data-element_type=\"container\" data-settings=\"{&quot;background_background&quot;:&quot;classic&quot;}\">\n\t\t\t\t\t<div class=\"e-con-inner\">\n\t\t<div class=\"elementor-element elementor-element-30b9b5d e-con-full e-flex e-con e-child\" data-id=\"30b9b5d\" data-element_type=\"container\">\n\t\t\t\t<div class=\"elementor-element elementor-element-c44ddd5 elementor-widget elementor-widget-text-editor\" data-id=\"c44ddd5\" data-element_type=\"widget\" data-widget_type=\"text-editor.default\">\n\t\t\t\t\t\t\t\t\t<p>\u00c0 cette \u00e9poque, mon genre de pr\u00e9dilection \u00e9tait le western. Je ne savais pas alors que certains de mes westerns pr\u00e9f\u00e9r\u00e9s avaient \u00e9t\u00e9 r\u00e9alis\u00e9s par Anthony Mann. Des ann\u00e9es plus tard, ses cadrages, son tempo tranquille et sa concision dramatique m&rsquo;ont paru d&rsquo;une force expressive inhabituelle.  <\/p><p>J&rsquo;ai \u00e9t\u00e9 tr\u00e8s \u00e9mu par Le miracle d&rsquo;Anne Sullivan (The Miracle Worker, Arthur Penn, 1962). J&rsquo;avais douze ans. Cela m&rsquo;a fait sentir que le cin\u00e9ma pouvait apporter des \u00e9motions presque \u00e9pidermiques sans s&rsquo;adresser \u00e0 l&rsquo;intellect. Et j&rsquo;ai eu l&rsquo;impression que, gr\u00e2ce \u00e0 l&rsquo;acc\u00e8s au langage, Helen Keller, la fillette sourde-aveugle, naissait pour la deuxi\u00e8me fois.   <\/p>\t\t\t\t\t\t\t\t<\/div>\n\t\t\t\t<\/div>\n\t\t<div class=\"elementor-element elementor-element-962325d e-con-full e-flex e-con e-child\" data-id=\"962325d\" data-element_type=\"container\">\n\t\t\t\t<div class=\"elementor-element elementor-element-57d2fcf elementor-widget elementor-widget-image\" data-id=\"57d2fcf\" data-element_type=\"widget\" data-widget_type=\"image.default\">\n\t\t\t\t\t\t\t\t\t\t\t\t\t\t\t<img decoding=\"async\" width=\"300\" height=\"166\" src=\"https:\/\/florealpeleato.com\/wp-content\/uploads\/2025\/09\/The-Far-country-300x166-1.jpg\" class=\"attachment-full size-full wp-image-7497\" alt=\"\" \/>\t\t\t\t\t\t\t\t\t\t\t\t\t\t\t<\/div>\n\t\t\t\t<div class=\"elementor-element elementor-element-367a479 elementor-widget elementor-widget-text-editor\" data-id=\"367a479\" data-element_type=\"widget\" data-widget_type=\"text-editor.default\">\n\t\t\t\t\t\t\t\t\t<p>Tierras lejanas (Anthony Mann, 1954)<\/p>\t\t\t\t\t\t\t\t<\/div>\n\t\t\t\t<div class=\"elementor-element elementor-element-6bb05ab elementor-widget elementor-widget-image\" data-id=\"6bb05ab\" data-element_type=\"widget\" data-widget_type=\"image.default\">\n\t\t\t\t\t\t\t\t\t\t\t\t\t\t\t<img decoding=\"async\" width=\"300\" height=\"169\" src=\"https:\/\/florealpeleato.com\/wp-content\/uploads\/2025\/09\/El-hombre-de-Laramie-1955-300x169.jpg\" class=\"attachment-medium size-medium wp-image-7498\" alt=\"\" srcset=\"https:\/\/florealpeleato.com\/wp-content\/uploads\/2025\/09\/El-hombre-de-Laramie-1955-300x169.jpg 300w, https:\/\/florealpeleato.com\/wp-content\/uploads\/2025\/09\/El-hombre-de-Laramie-1955.jpg 600w\" sizes=\"(max-width: 300px) 100vw, 300px\" \/>\t\t\t\t\t\t\t\t\t\t\t\t\t\t\t<\/div>\n\t\t\t\t<div class=\"elementor-element elementor-element-8ebc6cb elementor-widget elementor-widget-text-editor\" data-id=\"8ebc6cb\" data-element_type=\"widget\" data-widget_type=\"text-editor.default\">\n\t\t\t\t\t\t\t\t\t<p>L&rsquo;homme de Laramie (Anthony Mann, 1955)<\/p>\t\t\t\t\t\t\t\t<\/div>\n\t\t\t\t<\/div>\n\t\t\t\t\t<\/div>\n\t\t\t\t<\/div>\n\t\t<div class=\"elementor-element elementor-element-c2e9478 e-flex e-con-boxed e-con e-parent\" data-id=\"c2e9478\" data-element_type=\"container\" data-settings=\"{&quot;background_background&quot;:&quot;classic&quot;}\">\n\t\t\t\t\t<div class=\"e-con-inner\">\n\t\t<div class=\"elementor-element elementor-element-2a186a5 e-con-full e-flex e-con e-child\" data-id=\"2a186a5\" data-element_type=\"container\">\n\t\t\t\t<div class=\"elementor-element elementor-element-54a3dc8 elementor-widget elementor-widget-image\" data-id=\"54a3dc8\" data-element_type=\"widget\" data-widget_type=\"image.default\">\n\t\t\t\t\t\t\t\t\t\t\t\t\t\t\t<img loading=\"lazy\" decoding=\"async\" width=\"300\" height=\"238\" src=\"https:\/\/florealpeleato.com\/wp-content\/uploads\/2025\/09\/The-miracle-worker-300x238-1.jpg\" class=\"attachment-full size-full wp-image-7499\" alt=\"\" \/>\t\t\t\t\t\t\t\t\t\t\t\t\t\t\t<\/div>\n\t\t\t\t<div class=\"elementor-element elementor-element-12fd56b elementor-widget elementor-widget-text-editor\" data-id=\"12fd56b\" data-element_type=\"widget\" data-widget_type=\"text-editor.default\">\n\t\t\t\t\t\t\t\t\t<p>The Miracle Worker<\/p>\t\t\t\t\t\t\t\t<\/div>\n\t\t\t\t<\/div>\n\t\t<div class=\"elementor-element elementor-element-39bb946 e-con-full e-flex e-con e-child\" data-id=\"39bb946\" data-element_type=\"container\">\n\t\t\t\t<div class=\"elementor-element elementor-element-385be3e elementor-widget elementor-widget-text-editor\" data-id=\"385be3e\" data-element_type=\"widget\" data-widget_type=\"text-editor.default\">\n\t\t\t\t\t\t\t\t\t<p>Au m\u00eame \u00e2ge, un jour en rentrant de l&rsquo;\u00e9cole, j&rsquo;ai vu Rouges et Blancs (Csillagosok, Katon\u00e1k, Mikl\u00f3s Jancs\u00f3, 1967), qui se d\u00e9roule pendant la Premi\u00e8re Guerre mondiale dans la puszta hongroise. Cela m&rsquo;a paru une bizarrerie, je n&rsquo;ai rien compris mais, malgr\u00e9 sa froideur, j&rsquo;ai \u00e9t\u00e9 captiv\u00e9 par la chor\u00e9graphie de ses mouvements de cam\u00e9ra. J&rsquo;ignorais qu&rsquo;on appelait cela des plans s\u00e9quences.  <\/p><p>Et Jancs\u00f3 utilisait ici l&rsquo;une des plus belles combinaisons visuelles que l&rsquo;on puisse imaginer&nbsp;: le format scope en noir et blanc. Robert Rossen a fait le m\u00eame choix pour renforcer le drame dans L&rsquo;Arnaqueur (The Hustler, Robert Rossen, 1961) que j&rsquo;ai beaucoup aim\u00e9 peu de temps apr\u00e8s. <\/p>\t\t\t\t\t\t\t\t<\/div>\n\t\t\t\t<\/div>\n\t\t\t\t\t<\/div>\n\t\t\t\t<\/div>\n\t\t<div class=\"elementor-element elementor-element-e9baf8f e-flex e-con-boxed e-con e-parent\" data-id=\"e9baf8f\" data-element_type=\"container\" data-settings=\"{&quot;background_background&quot;:&quot;classic&quot;}\">\n\t\t\t\t\t<div class=\"e-con-inner\">\n\t\t<div class=\"elementor-element elementor-element-8e1cea9 e-con-full e-flex e-con e-child\" data-id=\"8e1cea9\" data-element_type=\"container\">\n\t\t\t\t<div class=\"elementor-element elementor-element-6f9f4e1 elementor-widget elementor-widget-text-editor\" data-id=\"6f9f4e1\" data-element_type=\"widget\" data-widget_type=\"text-editor.default\">\n\t\t\t\t\t\t\t\t\t<p>Un ou deux ans plus tard, j&rsquo;ai vu Pas de printemps pour Marnie (Alfred Hitchcock, 1964) face auquel j&rsquo;ai per\u00e7u que la cam\u00e9ra et la couleur permettaient d&rsquo;explorer certaines zones troublantes de notre \u00eatre, jusqu&rsquo;\u00e0 atteindre quelque chose dont je ne connaissais pas le nom&nbsp;: l&rsquo;inconscient. De plus, pour la premi\u00e8re fois, la version originale sous-titr\u00e9e me permettait de savourer un concert de voix dans une langue diff\u00e9rente. <\/p><p>Pendant que mes proches dormaient, la version originale, \u00e9cout\u00e9e \u00e0 faible volume, est devenue un plaisir clandestin r\u00e9it\u00e9r\u00e9, gr\u00e2ce \u00e0 la programmation des Cin\u00e9 Clubs d&rsquo;Antenne 2 et du Cin\u00e9ma de Minuit de FR 3. Oui, alors je vivais en France. Le passage t\u00e9l\u00e9vis\u00e9 de La salle de musique (Jalsaghar, Satyajit Ray, 1958), trois ou quatre ans plus tard, a \u00e9t\u00e9 m\u00e9morable pour moi. Sous le regard du cin\u00e9aste bengali, dont j&rsquo;ignorais jusqu&rsquo;au nom, le passage hypnotique du temps anesth\u00e9siait la raison et le quotidien se chargeait de sensualit\u00e9.   <\/p>\t\t\t\t\t\t\t\t<\/div>\n\t\t\t\t<\/div>\n\t\t<div class=\"elementor-element elementor-element-cc38dc5 e-con-full e-flex e-con e-child\" data-id=\"cc38dc5\" data-element_type=\"container\">\n\t\t\t\t<div class=\"elementor-element elementor-element-0d1b955 elementor-widget elementor-widget-image\" data-id=\"0d1b955\" data-element_type=\"widget\" data-widget_type=\"image.default\">\n\t\t\t\t\t\t\t\t\t\t\t\t\t\t\t<img loading=\"lazy\" decoding=\"async\" width=\"300\" height=\"168\" src=\"https:\/\/florealpeleato.com\/wp-content\/uploads\/2025\/09\/The-hustler-300x168-1.jpg\" class=\"attachment-full size-full wp-image-7500\" alt=\"\" \/>\t\t\t\t\t\t\t\t\t\t\t\t\t\t\t<\/div>\n\t\t\t\t<div class=\"elementor-element elementor-element-d7d0878 elementor-widget elementor-widget-text-editor\" data-id=\"d7d0878\" data-element_type=\"widget\" data-widget_type=\"text-editor.default\">\n\t\t\t\t\t\t\t\t\t<p>The hustler<\/p>\t\t\t\t\t\t\t\t<\/div>\n\t\t\t\t<div class=\"elementor-element elementor-element-ee4d96e elementor-widget elementor-widget-image\" data-id=\"ee4d96e\" data-element_type=\"widget\" data-widget_type=\"image.default\">\n\t\t\t\t\t\t\t\t\t\t\t\t\t\t\t<img loading=\"lazy\" decoding=\"async\" width=\"300\" height=\"169\" src=\"https:\/\/florealpeleato.com\/wp-content\/uploads\/2025\/09\/Crin-Blanca-3-300x169.jpg\" class=\"attachment-medium size-medium wp-image-7501\" alt=\"\" srcset=\"https:\/\/florealpeleato.com\/wp-content\/uploads\/2025\/09\/Crin-Blanca-3-300x169.jpg 300w, https:\/\/florealpeleato.com\/wp-content\/uploads\/2025\/09\/Crin-Blanca-3.jpg 600w\" sizes=\"(max-width: 300px) 100vw, 300px\" \/>\t\t\t\t\t\t\t\t\t\t\t\t\t\t\t<\/div>\n\t\t\t\t<div class=\"elementor-element elementor-element-8c5da7e elementor-widget elementor-widget-text-editor\" data-id=\"8c5da7e\" data-element_type=\"widget\" data-widget_type=\"text-editor.default\">\n\t\t\t\t\t\t\t\t\t<p>Crin Blanc<\/p>\t\t\t\t\t\t\t\t<\/div>\n\t\t\t\t<\/div>\n\t\t\t\t\t<\/div>\n\t\t\t\t<\/div>\n\t\t<div class=\"elementor-element elementor-element-3c5602b e-flex e-con-boxed e-con e-parent\" data-id=\"3c5602b\" data-element_type=\"container\" data-settings=\"{&quot;background_background&quot;:&quot;classic&quot;}\">\n\t\t\t\t\t<div class=\"e-con-inner\">\n\t\t<div class=\"elementor-element elementor-element-7e55813 e-con-full e-flex e-con e-child\" data-id=\"7e55813\" data-element_type=\"container\">\n\t\t\t\t<div class=\"elementor-element elementor-element-af44d5d elementor-widget elementor-widget-image\" data-id=\"af44d5d\" data-element_type=\"widget\" data-widget_type=\"image.default\">\n\t\t\t\t\t\t\t\t\t\t\t\t\t\t\t<img loading=\"lazy\" decoding=\"async\" width=\"284\" height=\"177\" src=\"https:\/\/florealpeleato.com\/wp-content\/uploads\/2025\/09\/Jalsaghar.jpg\" class=\"attachment-full size-full wp-image-7502\" alt=\"\" \/>\t\t\t\t\t\t\t\t\t\t\t\t\t\t\t<\/div>\n\t\t\t\t<div class=\"elementor-element elementor-element-bf88f61 elementor-widget elementor-widget-text-editor\" data-id=\"bf88f61\" data-element_type=\"widget\" data-widget_type=\"text-editor.default\">\n\t\t\t\t\t\t\t\t\t<p>Jalsaghar<\/p>\t\t\t\t\t\t\t\t<\/div>\n\t\t\t\t<div class=\"elementor-element elementor-element-0f8a2a9 elementor-widget elementor-widget-image\" data-id=\"0f8a2a9\" data-element_type=\"widget\" data-widget_type=\"image.default\">\n\t\t\t\t\t\t\t\t\t\t\t\t\t\t\t<img loading=\"lazy\" decoding=\"async\" width=\"300\" height=\"143\" src=\"https:\/\/florealpeleato.com\/wp-content\/uploads\/2025\/09\/Rojos-y-blancos-cartel-2-300x143.jpg\" class=\"attachment-medium size-medium wp-image-7503\" alt=\"\" srcset=\"https:\/\/florealpeleato.com\/wp-content\/uploads\/2025\/09\/Rojos-y-blancos-cartel-2-300x143.jpg 300w, https:\/\/florealpeleato.com\/wp-content\/uploads\/2025\/09\/Rojos-y-blancos-cartel-2.jpg 600w\" sizes=\"(max-width: 300px) 100vw, 300px\" \/>\t\t\t\t\t\t\t\t\t\t\t\t\t\t\t<\/div>\n\t\t\t\t<div class=\"elementor-element elementor-element-bb86f9a elementor-widget elementor-widget-text-editor\" data-id=\"bb86f9a\" data-element_type=\"widget\" data-widget_type=\"text-editor.default\">\n\t\t\t\t\t\t\t\t\t<p>Rouges et blancs<\/p>\t\t\t\t\t\t\t\t<\/div>\n\t\t\t\t<\/div>\n\t\t<div class=\"elementor-element elementor-element-0b5839b e-con-full e-flex e-con e-child\" data-id=\"0b5839b\" data-element_type=\"container\">\n\t\t\t\t<div class=\"elementor-element elementor-element-0028534 elementor-widget elementor-widget-text-editor\" data-id=\"0028534\" data-element_type=\"widget\" data-widget_type=\"text-editor.default\">\n\t\t\t\t\t\t\t\t\t<p>Tr\u00e8s sensoriel \u00e9tait aussi un moyen m\u00e9trage que j&rsquo;ai vu, je crois, \u00e0 neuf ans dans la cour de l&rsquo;\u00e9cole, pendant qu&rsquo;il pleuvait&nbsp;: Crin Blanc (Crin Blanc, Albert Lamorisse, 1953). Je l&rsquo;ai oubli\u00e9 pendant de nombreuses ann\u00e9es, bien que je suppose que je me sois identifi\u00e9 au jeune Folco capable de chevaucher le pur-sang indomptable dans les dunes de Camargue. <\/p><p>Si j&rsquo;ai appris quelque chose concernant la notion de mise en sc\u00e8ne, c&rsquo;est parce que j&rsquo;ai eu la chance de voir Les Oiseaux (The Birds, Alfred Hitchcock, 1963) \u00e0 treize ans. Mon admiration pour cette audacieuse \u00e9piphanie, heureusement d\u00e9pourvue d&rsquo;explication rationnelle, proche de l&rsquo;abstrait et assaisonn\u00e9e de suspense, n&rsquo;a jamais diminu\u00e9. <\/p>\t\t\t\t\t\t\t\t<\/div>\n\t\t\t\t<\/div>\n\t\t\t\t\t<\/div>\n\t\t\t\t<\/div>\n\t\t<div class=\"elementor-element elementor-element-1bee6eb e-flex e-con-boxed e-con e-parent\" data-id=\"1bee6eb\" data-element_type=\"container\" data-settings=\"{&quot;background_background&quot;:&quot;classic&quot;}\">\n\t\t\t\t\t<div class=\"e-con-inner\">\n\t\t<div class=\"elementor-element elementor-element-9ad21f5 e-con-full e-flex e-con e-child\" data-id=\"9ad21f5\" data-element_type=\"container\">\n\t\t\t\t<div class=\"elementor-element elementor-element-4f5e9f9 elementor-widget elementor-widget-text-editor\" data-id=\"4f5e9f9\" data-element_type=\"widget\" data-widget_type=\"text-editor.default\">\n\t\t\t\t\t\t\t\t\t<p>Ensuite, j&rsquo;ai vu Un condamn\u00e9 \u00e0 mort s&rsquo;est \u00e9chapp\u00e9 (Un condamn\u00e9 \u00e0 mort s&rsquo;est \u00e9chapp\u00e9, Robert Bresson, 1956). En v\u00e9rit\u00e9, je ne me souviens pas de ce que j&rsquo;ai ressenti face au tranchant d&rsquo;un contr\u00f4le artistique aussi ac\u00e9r\u00e9, bien que l&rsquo;espace sonore et les ellipses se fondaient de mani\u00e8re miraculeuse dans une mosa\u00efque de plans tr\u00e8s fragment\u00e9s. <\/p><p>Pendant l&rsquo;adolescence, j&rsquo;ai commenc\u00e9 \u00e0 voir beaucoup de films sur grand \u00e9cran. Parmi les chocs les plus profonds, on trouve dix ou quinze films am\u00e9ricains, rudes et vitaux, tourn\u00e9s pendant les ann\u00e9es soixante-dix. J&rsquo;ai \u00e9galement \u00e9t\u00e9 fascin\u00e9 par la min\u00e9ralisation du monde film\u00e9e par Antonioni, les fresques de Visconti et son utilisation picturale de la couleur. Et certains visages f\u00e9minins ont laiss\u00e9 une empreinte ind\u00e9l\u00e9bile, tout comme leurs silhouettes et leurs voix.   <\/p>\t\t\t\t\t\t\t\t<\/div>\n\t\t\t\t<\/div>\n\t\t<div class=\"elementor-element elementor-element-6ce5e97 e-con-full e-flex e-con e-child\" data-id=\"6ce5e97\" data-element_type=\"container\">\n\t\t\t\t<div class=\"elementor-element elementor-element-e035bd8 elementor-widget elementor-widget-image\" data-id=\"e035bd8\" data-element_type=\"widget\" data-widget_type=\"image.default\">\n\t\t\t\t\t\t\t\t\t\t\t\t\t\t\t<img loading=\"lazy\" decoding=\"async\" width=\"300\" height=\"162\" src=\"https:\/\/florealpeleato.com\/wp-content\/uploads\/2025\/09\/The-Birds-300x162-1.jpg\" class=\"attachment-full size-full wp-image-7504\" alt=\"\" \/>\t\t\t\t\t\t\t\t\t\t\t\t\t\t\t<\/div>\n\t\t\t\t<div class=\"elementor-element elementor-element-ae1caa4 elementor-widget elementor-widget-text-editor\" data-id=\"ae1caa4\" data-element_type=\"widget\" data-widget_type=\"text-editor.default\">\n\t\t\t\t\t\t\t\t\t<p>The Birds<\/p>\t\t\t\t\t\t\t\t<\/div>\n\t\t\t\t<div class=\"elementor-element elementor-element-7342fbe elementor-widget elementor-widget-image\" data-id=\"7342fbe\" data-element_type=\"widget\" data-widget_type=\"image.default\">\n\t\t\t\t\t\t\t\t\t\t\t\t\t\t\t<img loading=\"lazy\" decoding=\"async\" width=\"255\" height=\"198\" src=\"https:\/\/florealpeleato.com\/wp-content\/uploads\/2025\/09\/Un-condamne-a-mort-sest-echappe.jpg\" class=\"attachment-full size-full wp-image-7505\" alt=\"\" \/>\t\t\t\t\t\t\t\t\t\t\t\t\t\t\t<\/div>\n\t\t\t\t<div class=\"elementor-element elementor-element-2ac71b9 elementor-widget elementor-widget-text-editor\" data-id=\"2ac71b9\" data-element_type=\"widget\" data-widget_type=\"text-editor.default\">\n\t\t\t\t\t\t\t\t\t<p>Un condamn\u00e9 \u00e0 mort s&rsquo;est \u00e9chapp\u00e9<\/p>\t\t\t\t\t\t\t\t<\/div>\n\t\t\t\t<\/div>\n\t\t\t\t\t<\/div>\n\t\t\t\t<\/div>\n\t\t<div class=\"elementor-element elementor-element-4f346fc e-flex e-con-boxed e-con e-parent\" data-id=\"4f346fc\" data-element_type=\"container\" data-settings=\"{&quot;background_background&quot;:&quot;classic&quot;}\">\n\t\t\t\t\t<div class=\"e-con-inner\">\n\t\t<div class=\"elementor-element elementor-element-111c155 e-con-full e-flex e-con e-child\" data-id=\"111c155\" data-element_type=\"container\">\n\t\t\t\t<div class=\"elementor-element elementor-element-22607cf elementor-widget elementor-widget-image\" data-id=\"22607cf\" data-element_type=\"widget\" data-widget_type=\"image.default\">\n\t\t\t\t\t\t\t\t\t\t\t\t\t\t\t<img loading=\"lazy\" decoding=\"async\" width=\"300\" height=\"168\" src=\"https:\/\/florealpeleato.com\/wp-content\/uploads\/2025\/09\/Days-of-heaven-300x168-1.jpg\" class=\"attachment-full size-full wp-image-7506\" alt=\"\" \/>\t\t\t\t\t\t\t\t\t\t\t\t\t\t\t<\/div>\n\t\t\t\t<div class=\"elementor-element elementor-element-3e3868d elementor-widget elementor-widget-text-editor\" data-id=\"3e3868d\" data-element_type=\"widget\" data-widget_type=\"text-editor.default\">\n\t\t\t\t\t\t\t\t\t<p>Days of Heaven<\/p>\t\t\t\t\t\t\t\t<\/div>\n\t\t\t\t<div class=\"elementor-element elementor-element-2b12e31 elementor-widget elementor-widget-image\" data-id=\"2b12e31\" data-element_type=\"widget\" data-widget_type=\"image.default\">\n\t\t\t\t\t\t\t\t\t\t\t\t\t\t\t<img loading=\"lazy\" decoding=\"async\" width=\"300\" height=\"147\" src=\"https:\/\/florealpeleato.com\/wp-content\/uploads\/2025\/09\/Andrei-Rublev-300x147-1.jpg\" class=\"attachment-full size-full wp-image-7507\" alt=\"\" \/>\t\t\t\t\t\t\t\t\t\t\t\t\t\t\t<\/div>\n\t\t\t\t<div class=\"elementor-element elementor-element-240283f elementor-widget elementor-widget-text-editor\" data-id=\"240283f\" data-element_type=\"widget\" data-widget_type=\"text-editor.default\">\n\t\t\t\t\t\t\t\t\t<p>Andre\u00ef Roublev<\/p>\t\t\t\t\t\t\t\t<\/div>\n\t\t\t\t<\/div>\n\t\t<div class=\"elementor-element elementor-element-c61f33e e-con-full e-flex e-con e-child\" data-id=\"c61f33e\" data-element_type=\"container\">\n\t\t\t\t<div class=\"elementor-element elementor-element-995236f elementor-widget elementor-widget-text-editor\" data-id=\"995236f\" data-element_type=\"widget\" data-widget_type=\"text-editor.default\">\n\t\t\t\t\t\t\t\t\t<p>Parmi tous les films importants dans ma m\u00e9moire de spectateur naissante, je tiens \u00e0 souligner deux&nbsp;: Les Moissons du ciel (Days of Heaven, Terrence Malick, 1978) et Tabou (F. W. Murnau, 1931), le premier avare en mots, le second silencieux, tous deux lyriques et situ\u00e9s dans une nature toute-puissante.<\/p><p>Mais par-dessus tout, je dois placer Bonnie and Clyde (Arthur Penn, 1967) et Andre\u00ef Roublev (Andre\u00ef Tarkovski, 1967), vus par hasard \u00e0 peine dix-sept ans. Il va sans dire que ma vie de spectateur a pris un tournant et que je continue de consid\u00e9rer le dernier \u00e9pisode du film de Tarkovski (la fonte de la cloche) comme l&rsquo;un des moments les plus beaux de l&rsquo;histoire du cin\u00e9ma. <\/p><p>Ensuite, j&rsquo;ai essay\u00e9 de me donner du temps pour conna\u00eetre et comprendre le cin\u00e9ma.<\/p><p>Et puis j&rsquo;ai commenc\u00e9 \u00e0 \u00e9crire et \u00e0 filmer\u2026<\/p>\t\t\t\t\t\t\t\t<\/div>\n\t\t\t\t<\/div>\n\t\t\t\t\t<\/div>\n\t\t\t\t<\/div>\n\t\t\t\t<\/div>\n\t\t","protected":false},"excerpt":{"rendered":"<p>\u00c0 mon sujet Mes premiers plaisirs cin\u00e9matographiques m&rsquo;ont \u00e9t\u00e9 offerts par des films programm\u00e9s \u00e0 la t\u00e9l\u00e9vision, mais parfois mes parents m&rsquo;envoyaient au lit t\u00f4t, trop \u00e0 mon go\u00fbt. En restant \u00e0 l&rsquo;\u00e9coute des films depuis la chambre, j&rsquo;ai d\u00e9couvert l&rsquo;espace dit \u00ab off \u00bb. Pendant mon enfance, j&rsquo;ai aim\u00e9 regarder des films noirs et [&hellip;]<\/p>\n","protected":false},"author":1,"featured_media":0,"parent":0,"menu_order":0,"comment_status":"closed","ping_status":"closed","template":"elementor_header_footer","meta":{"_acf_changed":false,"footnotes":""},"class_list":["post-7608","page","type-page","status-publish","hentry"],"acf":[],"_links":{"self":[{"href":"https:\/\/florealpeleato.com\/fr\/wp-json\/wp\/v2\/pages\/7608","targetHints":{"allow":["GET"]}}],"collection":[{"href":"https:\/\/florealpeleato.com\/fr\/wp-json\/wp\/v2\/pages"}],"about":[{"href":"https:\/\/florealpeleato.com\/fr\/wp-json\/wp\/v2\/types\/page"}],"author":[{"embeddable":true,"href":"https:\/\/florealpeleato.com\/fr\/wp-json\/wp\/v2\/users\/1"}],"replies":[{"embeddable":true,"href":"https:\/\/florealpeleato.com\/fr\/wp-json\/wp\/v2\/comments?post=7608"}],"version-history":[{"count":7,"href":"https:\/\/florealpeleato.com\/fr\/wp-json\/wp\/v2\/pages\/7608\/revisions"}],"predecessor-version":[{"id":7802,"href":"https:\/\/florealpeleato.com\/fr\/wp-json\/wp\/v2\/pages\/7608\/revisions\/7802"}],"wp:attachment":[{"href":"https:\/\/florealpeleato.com\/fr\/wp-json\/wp\/v2\/media?parent=7608"}],"curies":[{"name":"wp","href":"https:\/\/api.w.org\/{rel}","templated":true}]}}