{"id":7594,"date":"2025-09-09T21:47:20","date_gmt":"2025-09-09T19:47:20","guid":{"rendered":"https:\/\/florealpeleato.com\/formation\/"},"modified":"2025-09-18T09:46:14","modified_gmt":"2025-09-18T07:46:14","slug":"formation","status":"publish","type":"page","link":"https:\/\/florealpeleato.com\/fr\/formation\/","title":{"rendered":"Formation"},"content":{"rendered":"\t\t<div data-elementor-type=\"wp-page\" data-elementor-id=\"7594\" class=\"elementor elementor-7594 elementor-7029\" data-elementor-post-type=\"page\">\n\t\t\t\t<div class=\"elementor-element elementor-element-42045b8 e-con-full e-flex e-con e-parent\" data-id=\"42045b8\" data-element_type=\"container\" data-settings=\"{&quot;background_background&quot;:&quot;classic&quot;}\">\n\t\t<div class=\"elementor-element elementor-element-e492079 e-flex e-con-boxed e-con e-child\" data-id=\"e492079\" data-element_type=\"container\">\n\t\t\t\t\t<div class=\"e-con-inner\">\n\t\t\t\t<div class=\"elementor-element elementor-element-19b2637 elementor-widget elementor-widget-heading\" data-id=\"19b2637\" data-element_type=\"widget\" data-widget_type=\"heading.default\">\n\t\t\t\t\t<h1 class=\"elementor-heading-title elementor-size-default\">Formation et conseil<\/h1>\t\t\t\t<\/div>\n\t\t\t\t<div class=\"elementor-element elementor-element-4226c01 elementor-widget elementor-widget-image\" data-id=\"4226c01\" data-element_type=\"widget\" data-widget_type=\"image.default\">\n\t\t\t\t\t\t\t\t\t\t\t\t\t\t\t<img fetchpriority=\"high\" decoding=\"async\" width=\"800\" height=\"534\" src=\"https:\/\/florealpeleato.com\/wp-content\/uploads\/2025\/09\/formacion-1024x683.jpg\" class=\"attachment-large size-large wp-image-7580\" alt=\"\" srcset=\"https:\/\/florealpeleato.com\/wp-content\/uploads\/2025\/09\/formacion-1024x683.jpg 1024w, https:\/\/florealpeleato.com\/wp-content\/uploads\/2025\/09\/formacion-300x200.jpg 300w, https:\/\/florealpeleato.com\/wp-content\/uploads\/2025\/09\/formacion-768x512.jpg 768w, https:\/\/florealpeleato.com\/wp-content\/uploads\/2025\/09\/formacion.jpg 1200w\" sizes=\"(max-width: 800px) 100vw, 800px\" \/>\t\t\t\t\t\t\t\t\t\t\t\t\t\t\t<\/div>\n\t\t\t\t<div class=\"elementor-element elementor-element-c54e1e7 elementor-widget elementor-widget-text-editor\" data-id=\"c54e1e7\" data-element_type=\"widget\" data-widget_type=\"text-editor.default\">\n\t\t\t\t\t\t\t\t\t<p>Au fil des ans, les d\u00e9tours et les raccourcis n&rsquo;ont pas manqu\u00e9 pour me ramener sans cesse \u00e0 l&rsquo;enseignement et \u00e0 la formation d&rsquo;adultes. Il serait exag\u00e9r\u00e9 de dire que cela a \u00e9t\u00e9 une vocation, non, plut\u00f4t des circonstances souvent heureuses. <\/p><p>Dans une \u00ab&nbsp;vie ant\u00e9rieure&nbsp;\u00bb, j&rsquo;ai \u00e9t\u00e9 formateur en ressources humaines pour un public de ch\u00f4meurs et de cadres. Ensuite, j&rsquo;ai commenc\u00e9 \u00e0 animer des cours et des ateliers sur le cin\u00e9ma dans diff\u00e9rents pays (Espagne, Portugal, France, \u00c9tats-Unis, Colombie, Bolivie, P\u00e9rou et Panama) et pour des publics disparates, allant des \u00e9l\u00e8ves de lyc\u00e9es aux professionnels du cin\u00e9ma, en passant par des \u00e9tudiants en cin\u00e9ma et des indig\u00e8nes habitu\u00e9s \u00e0 r\u00e9aliser des documentaires qui souhaitaient \u00e9crire de la fiction. <\/p><p>\u00c0 titre d&rsquo;exemple, \u00e0 partir de 2008, j&rsquo;ai donn\u00e9 des cours sur le cin\u00e9ma \u00e0 plus de trois mille \u00e9l\u00e8ves du lyc\u00e9e fran\u00e7ais de Madrid, sur une quinzaine de contenus diff\u00e9rents, et j&rsquo;ai collabor\u00e9 avec pr\u00e8s de quarante professeurs.<\/p><p>\u00c0 plus d&rsquo;une occasion, j&rsquo;ai anim\u00e9 des ateliers d&rsquo;\u00e9criture ou de r\u00e9\u00e9criture de sc\u00e9nario et Proim\u00e1genes de Colombie m&rsquo;a propos\u00e9 d&rsquo;\u00eatre tuteur international de sc\u00e9nario pour quatre projets r\u00e9compens\u00e9s en 2014 par le FDC (Fonds de d\u00e9veloppement \u00e0 la cin\u00e9matographie). Dans ce cas, le travail consiste \u00e0 conseiller les sc\u00e9naristes pour qu&rsquo;ils d\u00e9couvrent quelle histoire ils veulent et peuvent r\u00e9ellement raconter, qu&rsquo;ils choisissent une forme dramatique personnelle et la mettent en valeur. Et au fil des ans, j&rsquo;ai lu des centaines de sc\u00e9narios de longs m\u00e9trages de fiction.  <\/p><p>En ce qui concerne la coordination d&rsquo;activit\u00e9s culturelles, je dirai que j&rsquo;ai con\u00e7u la r\u00e9trospective consacr\u00e9e au cin\u00e9ma espagnol au festival Premiers Plans d&rsquo;Angers, un cycle de 25 films au Mus\u00e9e d&rsquo;Art moderne de Bogot\u00e1 sur l&rsquo;\u00e9criture de sc\u00e9nario et un cycle de 50 films sur la m\u00e9lancolie \u00e0 la Filmoteca espa\u00f1ola.<\/p>\t\t\t\t\t\t\t\t<\/div>\n\t\t\t\t\t<\/div>\n\t\t\t\t<\/div>\n\t\t\t\t<\/div>\n\t\t<div class=\"elementor-element elementor-element-5389980 e-flex e-con-boxed e-con e-parent\" data-id=\"5389980\" data-element_type=\"container\" data-settings=\"{&quot;background_background&quot;:&quot;classic&quot;}\">\n\t\t\t\t\t<div class=\"e-con-inner\">\n\t\t<div class=\"elementor-element elementor-element-4711424 e-con-full e-flex e-con e-child\" data-id=\"4711424\" data-element_type=\"container\">\n\t\t\t\t<div class=\"elementor-element elementor-element-775dc7c elementor-widget elementor-widget-image\" data-id=\"775dc7c\" data-element_type=\"widget\" data-widget_type=\"image.default\">\n\t\t\t\t\t\t\t\t\t\t\t\t\t\t\t<img decoding=\"async\" width=\"526\" height=\"526\" src=\"https:\/\/florealpeleato.com\/wp-content\/uploads\/2025\/09\/curso-online-guion.jpg\" class=\"attachment-large size-large wp-image-7581\" alt=\"\" srcset=\"https:\/\/florealpeleato.com\/wp-content\/uploads\/2025\/09\/curso-online-guion.jpg 526w, https:\/\/florealpeleato.com\/wp-content\/uploads\/2025\/09\/curso-online-guion-300x300.jpg 300w, https:\/\/florealpeleato.com\/wp-content\/uploads\/2025\/09\/curso-online-guion-150x150.jpg 150w\" sizes=\"(max-width: 526px) 100vw, 526px\" \/>\t\t\t\t\t\t\t\t\t\t\t\t\t\t\t<\/div>\n\t\t\t\t<\/div>\n\t\t<div class=\"elementor-element elementor-element-4c069cb e-con-full e-flex e-con e-child\" data-id=\"4c069cb\" data-element_type=\"container\">\n\t\t\t\t<div class=\"elementor-element elementor-element-556948b elementor-widget elementor-widget-image\" data-id=\"556948b\" data-element_type=\"widget\" data-widget_type=\"image.default\">\n\t\t\t\t\t\t\t\t\t\t\t\t\t\t\t<img decoding=\"async\" width=\"526\" height=\"296\" src=\"https:\/\/florealpeleato.com\/wp-content\/uploads\/2025\/09\/rtve.jpg\" class=\"attachment-large size-large wp-image-7582\" alt=\"\" srcset=\"https:\/\/florealpeleato.com\/wp-content\/uploads\/2025\/09\/rtve.jpg 526w, https:\/\/florealpeleato.com\/wp-content\/uploads\/2025\/09\/rtve-300x169.jpg 300w\" sizes=\"(max-width: 526px) 100vw, 526px\" \/>\t\t\t\t\t\t\t\t\t\t\t\t\t\t\t<\/div>\n\t\t\t\t<\/div>\n\t\t<div class=\"elementor-element elementor-element-12968b8 e-con-full e-flex e-con e-child\" data-id=\"12968b8\" data-element_type=\"container\">\n\t\t\t\t<div class=\"elementor-element elementor-element-0dfc060 elementor-widget elementor-widget-image\" data-id=\"0dfc060\" data-element_type=\"widget\" data-widget_type=\"image.default\">\n\t\t\t\t\t\t\t\t\t\t\t\t\t\t\t<img loading=\"lazy\" decoding=\"async\" width=\"526\" height=\"526\" src=\"https:\/\/florealpeleato.com\/wp-content\/uploads\/2025\/09\/curso-rtve.jpg\" class=\"attachment-large size-large wp-image-7583\" alt=\"\" srcset=\"https:\/\/florealpeleato.com\/wp-content\/uploads\/2025\/09\/curso-rtve.jpg 526w, https:\/\/florealpeleato.com\/wp-content\/uploads\/2025\/09\/curso-rtve-300x300.jpg 300w, https:\/\/florealpeleato.com\/wp-content\/uploads\/2025\/09\/curso-rtve-150x150.jpg 150w\" sizes=\"(max-width: 526px) 100vw, 526px\" \/>\t\t\t\t\t\t\t\t\t\t\t\t\t\t\t<\/div>\n\t\t\t\t<\/div>\n\t\t\t\t\t<\/div>\n\t\t\t\t<\/div>\n\t\t<div class=\"elementor-element elementor-element-aac728e e-flex e-con-boxed e-con e-parent\" data-id=\"aac728e\" data-element_type=\"container\" data-settings=\"{&quot;background_background&quot;:&quot;classic&quot;}\">\n\t\t\t\t\t<div class=\"e-con-inner\">\n\t\t<div class=\"elementor-element elementor-element-d8a4c76 e-con-full e-flex e-con e-child\" data-id=\"d8a4c76\" data-element_type=\"container\">\n\t\t\t\t<div class=\"elementor-element elementor-element-7724887 elementor-widget elementor-widget-text-editor\" data-id=\"7724887\" data-element_type=\"widget\" data-widget_type=\"text-editor.default\">\n\t\t\t\t\t\t\t\t\t<ul><li>2025, enseignant expert des cours de sc\u00e9nario cin\u00e9matographique, structures narratives et cr\u00e9ation de personnages du projet Haz \u2013 RTVE Instituto.<\/li><li>Membre du pool d&rsquo;experts externes d&rsquo;Eurimages (2021-2024).<\/li><li>En 2024, membre de la commission d&rsquo;aide \u00e0 la production de longs et courts m\u00e9trages de l&rsquo;ICAA (Institut de la cin\u00e9matographie et des arts audiovisuels), et membre du comit\u00e9 externe d&rsquo;aide \u00e0 la production de l&rsquo;ICDC (Institut de d\u00e9veloppement culturel des Canaries).<\/li><li>AECID (Agence espagnole pour la coop\u00e9ration internationale et le d\u00e9veloppement)<\/li><li>Ma\u00eetrise d&rsquo;\u00e9critures cr\u00e9atives (Universit\u00e9 nationale de Colombie)<\/li><li>PROIM\u00c1GENES (Fonds de promotion cin\u00e9matographique de Colombie)<\/li><li>Seton Hall University (New Jersey, \u00c9tats-Unis)<\/li><li>ESMAE (\u00c9cole sup\u00e9rieure des arts, Institut polytechnique de Porto)<\/li><li>Lyc\u00e9es fran\u00e7ais de Madrid et Lisbonne<\/li><li>CTIF (Centre territorial d&rsquo;innovation et de formation) de Madrid)<\/li><li>Centres culturels d&rsquo;Espagne (Santa Cruz de la Sierra en Bolivie et Lima au P\u00e9rou).<\/li><\/ul>\t\t\t\t\t\t\t\t<\/div>\n\t\t\t\t<\/div>\n\t\t<div class=\"elementor-element elementor-element-233c92a e-con-full e-flex e-con e-child\" data-id=\"233c92a\" data-element_type=\"container\">\n\t\t\t\t<div class=\"elementor-element elementor-element-6f3da6a elementor-widget elementor-widget-text-editor\" data-id=\"6f3da6a\" data-element_type=\"widget\" data-widget_type=\"text-editor.default\">\n\t\t\t\t\t\t\t\t\t<ul><li>Universit\u00e9s&nbsp;: technologique (Panama), Javeriana (Bogot\u00e1), Nationale (Bogot\u00e1), de Huelva, Alicante, Complutense, Perpignan, Diakon\u00eda (Santa Cruz, Bolivie) et Sciences Politiques (Toulouse, France).<\/li><li>Maisons d&rsquo;\u00e9dition (Larousse, Pearson Educaci\u00f3n, Oxford Internacional)<\/li><li>Association des \u00e9crivains panam\u00e9ens<\/li><li>Filmoteca espa\u00f1ola.<\/li><li>Mus\u00e9e d&rsquo;Art moderne de Bogot\u00e1.<\/li><li>Cefrec (Centre de formation r\u00e9alisation cin\u00e9matographique, Bolivie)<\/li><li>SGAE (Soci\u00e9t\u00e9 g\u00e9n\u00e9rale des auteurs et \u00e9diteurs)<\/li><li>Festival Premiers Plans (Angers, France)<\/li><li>Institut Jean Vigo (Perpignan, France)<\/li><li>C\u00edrculo de Bellas Artes (Madrid)<\/li><li>Centres de formation des professeurs (CPR, Madrid)<\/li><li>\u00c9coles officielles de langues<\/li><li>Entre 2019 et 2021, rencontres mensuelles \u00e0 l&rsquo;Institut fran\u00e7ais de Madrid sur le cin\u00e9ma fran\u00e7ais. Invit\u00e9s&nbsp;: Emma Su\u00e1rez, Fernando Trueba, Elvira Lindo, Carmen Maura, Fernando Savater, Jaime Rosales, Carmen Posadas, Fernando Lara, Pablo Berger, etc. <\/li><\/ul>\t\t\t\t\t\t\t\t<\/div>\n\t\t\t\t<\/div>\n\t\t\t\t\t<\/div>\n\t\t\t\t<\/div>\n\t\t\t\t<\/div>\n\t\t","protected":false},"excerpt":{"rendered":"<p>Formation et conseil Au fil des ans, les d\u00e9tours et les raccourcis n&rsquo;ont pas manqu\u00e9 pour me ramener sans cesse \u00e0 l&rsquo;enseignement et \u00e0 la formation d&rsquo;adultes. Il serait exag\u00e9r\u00e9 de dire que cela a \u00e9t\u00e9 une vocation, non, plut\u00f4t des circonstances souvent heureuses. Dans une \u00ab&nbsp;vie ant\u00e9rieure&nbsp;\u00bb, j&rsquo;ai \u00e9t\u00e9 formateur en ressources humaines pour [&hellip;]<\/p>\n","protected":false},"author":1,"featured_media":0,"parent":0,"menu_order":0,"comment_status":"closed","ping_status":"closed","template":"elementor_header_footer","meta":{"_acf_changed":false,"footnotes":""},"class_list":["post-7594","page","type-page","status-publish","hentry"],"acf":[],"_links":{"self":[{"href":"https:\/\/florealpeleato.com\/fr\/wp-json\/wp\/v2\/pages\/7594","targetHints":{"allow":["GET"]}}],"collection":[{"href":"https:\/\/florealpeleato.com\/fr\/wp-json\/wp\/v2\/pages"}],"about":[{"href":"https:\/\/florealpeleato.com\/fr\/wp-json\/wp\/v2\/types\/page"}],"author":[{"embeddable":true,"href":"https:\/\/florealpeleato.com\/fr\/wp-json\/wp\/v2\/users\/1"}],"replies":[{"embeddable":true,"href":"https:\/\/florealpeleato.com\/fr\/wp-json\/wp\/v2\/comments?post=7594"}],"version-history":[{"count":2,"href":"https:\/\/florealpeleato.com\/fr\/wp-json\/wp\/v2\/pages\/7594\/revisions"}],"predecessor-version":[{"id":7832,"href":"https:\/\/florealpeleato.com\/fr\/wp-json\/wp\/v2\/pages\/7594\/revisions\/7832"}],"wp:attachment":[{"href":"https:\/\/florealpeleato.com\/fr\/wp-json\/wp\/v2\/media?parent=7594"}],"curies":[{"name":"wp","href":"https:\/\/api.w.org\/{rel}","templated":true}]}}