{"id":7604,"date":"2025-09-08T18:18:02","date_gmt":"2025-09-08T16:18:02","guid":{"rendered":"https:\/\/florealpeleato.com\/about-me\/"},"modified":"2025-09-17T18:12:54","modified_gmt":"2025-09-17T16:12:54","slug":"about-me","status":"publish","type":"page","link":"https:\/\/florealpeleato.com\/en\/about-me\/","title":{"rendered":"About Me"},"content":{"rendered":"\t\t<div data-elementor-type=\"wp-page\" data-elementor-id=\"7604\" class=\"elementor elementor-7604 elementor-22\" data-elementor-post-type=\"page\">\n\t\t\t\t<div class=\"elementor-element elementor-element-1317c08f e-con-full e-flex e-con e-parent\" data-id=\"1317c08f\" data-element_type=\"container\" data-settings=\"{&quot;background_background&quot;:&quot;classic&quot;}\">\n\t\t<div class=\"elementor-element elementor-element-6bf3945e e-con-full e-flex e-con e-child\" data-id=\"6bf3945e\" data-element_type=\"container\">\n\t\t\t\t<div class=\"elementor-element elementor-element-258f778 elementor-widget elementor-widget-image\" data-id=\"258f778\" data-element_type=\"widget\" data-widget_type=\"image.default\">\n\t\t\t\t\t\t\t\t\t\t\t\t\t\t\t<img fetchpriority=\"high\" decoding=\"async\" width=\"1200\" height=\"1200\" src=\"https:\/\/florealpeleato.com\/wp-content\/uploads\/2025\/09\/sobre-mi-main.jpg\" class=\"attachment-full size-full wp-image-7456\" alt=\"\" srcset=\"https:\/\/florealpeleato.com\/wp-content\/uploads\/2025\/09\/sobre-mi-main.jpg 1200w, https:\/\/florealpeleato.com\/wp-content\/uploads\/2025\/09\/sobre-mi-main-300x300.jpg 300w, https:\/\/florealpeleato.com\/wp-content\/uploads\/2025\/09\/sobre-mi-main-1024x1024.jpg 1024w, https:\/\/florealpeleato.com\/wp-content\/uploads\/2025\/09\/sobre-mi-main-150x150.jpg 150w, https:\/\/florealpeleato.com\/wp-content\/uploads\/2025\/09\/sobre-mi-main-768x768.jpg 768w\" sizes=\"(max-width: 1200px) 100vw, 1200px\" \/>\t\t\t\t\t\t\t\t\t\t\t\t\t\t\t<\/div>\n\t\t\t\t<\/div>\n\t\t<div class=\"elementor-element elementor-element-1d1ceeb7 e-con-full e-flex e-con e-child\" data-id=\"1d1ceeb7\" data-element_type=\"container\">\n\t\t\t\t<div class=\"elementor-element elementor-element-5441cb66 elementor-widget elementor-widget-heading\" data-id=\"5441cb66\" data-element_type=\"widget\" data-widget_type=\"heading.default\">\n\t\t\t\t\t<h1 class=\"elementor-heading-title elementor-size-default\">About me<\/h1>\t\t\t\t<\/div>\n\t\t\t\t<div class=\"elementor-element elementor-element-6d70743 elementor-widget elementor-widget-text-editor\" data-id=\"6d70743\" data-element_type=\"widget\" data-widget_type=\"text-editor.default\">\n\t\t\t\t\t\t\t\t\t<p>My first cinematic pleasures were provided by films programmed on television, but sometimes my parents sent me to bed early, too early for my liking. By listening to films from the bedroom, I discovered the so-called \u201coff\u201d space.<\/p><p>During my childhood, I enjoyed watching film noir and comedies, among which the most exhilarating antidote to sadness I know: Singin&#8217; in the Rain (Stanley Donen and Gene Kelly, 1952). Without a doubt, \u201cGood mornin\u2019\u201d can soften any underlying hint of melancholy. <\/p>\t\t\t\t\t\t\t\t<\/div>\n\t\t\t\t<\/div>\n\t\t\t\t<\/div>\n\t\t<div class=\"elementor-element elementor-element-e9110cb e-flex e-con-boxed e-con e-parent\" data-id=\"e9110cb\" data-element_type=\"container\" data-settings=\"{&quot;background_background&quot;:&quot;classic&quot;}\">\n\t\t\t\t\t<div class=\"e-con-inner\">\n\t\t<div class=\"elementor-element elementor-element-30b9b5d e-con-full e-flex e-con e-child\" data-id=\"30b9b5d\" data-element_type=\"container\">\n\t\t\t\t<div class=\"elementor-element elementor-element-c44ddd5 elementor-widget elementor-widget-text-editor\" data-id=\"c44ddd5\" data-element_type=\"widget\" data-widget_type=\"text-editor.default\">\n\t\t\t\t\t\t\t\t\t<p>At that time, my favorite genre was the western. I did not know then that some of my favorite westerns had been directed by Anthony Mann. Years later, his framing, his leisurely tempo, and his dramatic concision seemed to me of an unusual expressive force.  <\/p><p>I was very moved by The Miracle Worker (Arthur Penn, 1962). I was twelve years old. It made me feel that cinema could provide almost epidermal emotions without addressing the intellect. And I had the impression that through access to language, Helen Keller, the deaf-blind girl, was born for the second time.   <\/p>\t\t\t\t\t\t\t\t<\/div>\n\t\t\t\t<\/div>\n\t\t<div class=\"elementor-element elementor-element-962325d e-con-full e-flex e-con e-child\" data-id=\"962325d\" data-element_type=\"container\">\n\t\t\t\t<div class=\"elementor-element elementor-element-57d2fcf elementor-widget elementor-widget-image\" data-id=\"57d2fcf\" data-element_type=\"widget\" data-widget_type=\"image.default\">\n\t\t\t\t\t\t\t\t\t\t\t\t\t\t\t<img decoding=\"async\" width=\"300\" height=\"166\" src=\"https:\/\/florealpeleato.com\/wp-content\/uploads\/2025\/09\/The-Far-country-300x166-1.jpg\" class=\"attachment-full size-full wp-image-7457\" alt=\"\" \/>\t\t\t\t\t\t\t\t\t\t\t\t\t\t\t<\/div>\n\t\t\t\t<div class=\"elementor-element elementor-element-367a479 elementor-widget elementor-widget-text-editor\" data-id=\"367a479\" data-element_type=\"widget\" data-widget_type=\"text-editor.default\">\n\t\t\t\t\t\t\t\t\t<p>Far Country (Anthony Mann, 1954)<\/p>\t\t\t\t\t\t\t\t<\/div>\n\t\t\t\t<div class=\"elementor-element elementor-element-6bb05ab elementor-widget elementor-widget-image\" data-id=\"6bb05ab\" data-element_type=\"widget\" data-widget_type=\"image.default\">\n\t\t\t\t\t\t\t\t\t\t\t\t\t\t\t<img decoding=\"async\" width=\"300\" height=\"169\" src=\"https:\/\/florealpeleato.com\/wp-content\/uploads\/2025\/09\/El-hombre-de-Laramie-1955-300x169.jpg\" class=\"attachment-medium size-medium wp-image-7458\" alt=\"\" srcset=\"https:\/\/florealpeleato.com\/wp-content\/uploads\/2025\/09\/El-hombre-de-Laramie-1955-300x169.jpg 300w, https:\/\/florealpeleato.com\/wp-content\/uploads\/2025\/09\/El-hombre-de-Laramie-1955.jpg 600w\" sizes=\"(max-width: 300px) 100vw, 300px\" \/>\t\t\t\t\t\t\t\t\t\t\t\t\t\t\t<\/div>\n\t\t\t\t<div class=\"elementor-element elementor-element-8ebc6cb elementor-widget elementor-widget-text-editor\" data-id=\"8ebc6cb\" data-element_type=\"widget\" data-widget_type=\"text-editor.default\">\n\t\t\t\t\t\t\t\t\t<p>The Man from Laramie (Anthony Mann, 1955)<\/p>\t\t\t\t\t\t\t\t<\/div>\n\t\t\t\t<\/div>\n\t\t\t\t\t<\/div>\n\t\t\t\t<\/div>\n\t\t<div class=\"elementor-element elementor-element-c2e9478 e-flex e-con-boxed e-con e-parent\" data-id=\"c2e9478\" data-element_type=\"container\" data-settings=\"{&quot;background_background&quot;:&quot;classic&quot;}\">\n\t\t\t\t\t<div class=\"e-con-inner\">\n\t\t<div class=\"elementor-element elementor-element-2a186a5 e-con-full e-flex e-con e-child\" data-id=\"2a186a5\" data-element_type=\"container\">\n\t\t\t\t<div class=\"elementor-element elementor-element-54a3dc8 elementor-widget elementor-widget-image\" data-id=\"54a3dc8\" data-element_type=\"widget\" data-widget_type=\"image.default\">\n\t\t\t\t\t\t\t\t\t\t\t\t\t\t\t<img loading=\"lazy\" decoding=\"async\" width=\"300\" height=\"238\" src=\"https:\/\/florealpeleato.com\/wp-content\/uploads\/2025\/09\/The-miracle-worker-300x238-1.jpg\" class=\"attachment-full size-full wp-image-7459\" alt=\"\" \/>\t\t\t\t\t\t\t\t\t\t\t\t\t\t\t<\/div>\n\t\t\t\t<div class=\"elementor-element elementor-element-12fd56b elementor-widget elementor-widget-text-editor\" data-id=\"12fd56b\" data-element_type=\"widget\" data-widget_type=\"text-editor.default\">\n\t\t\t\t\t\t\t\t\t<p>The Miracle Worker<\/p>\t\t\t\t\t\t\t\t<\/div>\n\t\t\t\t<\/div>\n\t\t<div class=\"elementor-element elementor-element-39bb946 e-con-full e-flex e-con e-child\" data-id=\"39bb946\" data-element_type=\"container\">\n\t\t\t\t<div class=\"elementor-element elementor-element-385be3e elementor-widget elementor-widget-text-editor\" data-id=\"385be3e\" data-element_type=\"widget\" data-widget_type=\"text-editor.default\">\n\t\t\t\t\t\t\t\t\t<p>At the same age, one day returning from school I saw The Red and the White (Csillagosok, Katon\u00e1k, Mikl\u00f3s Jancs\u00f3, 1967), set during the First World War in the Hungarian Puszta. It seemed like a rarity to me, I didn&#8217;t understand anything but, despite its coldness, I was captivated by the choreography of its camera movements. I didn&#8217;t know they were called sequence shots.  <\/p><p>And Jancs\u00f3 employed here one of the most beautiful visual combinations imaginable: the scope format in black and white. Robert Rossen made that same choice to enhance the drama in The Hustler (Robert Rossen, 1961) which, shortly after, I liked so much. <\/p>\t\t\t\t\t\t\t\t<\/div>\n\t\t\t\t<\/div>\n\t\t\t\t\t<\/div>\n\t\t\t\t<\/div>\n\t\t<div class=\"elementor-element elementor-element-e9baf8f e-flex e-con-boxed e-con e-parent\" data-id=\"e9baf8f\" data-element_type=\"container\" data-settings=\"{&quot;background_background&quot;:&quot;classic&quot;}\">\n\t\t\t\t\t<div class=\"e-con-inner\">\n\t\t<div class=\"elementor-element elementor-element-8e1cea9 e-con-full e-flex e-con e-child\" data-id=\"8e1cea9\" data-element_type=\"container\">\n\t\t\t\t<div class=\"elementor-element elementor-element-6f9f4e1 elementor-widget elementor-widget-text-editor\" data-id=\"6f9f4e1\" data-element_type=\"widget\" data-widget_type=\"text-editor.default\">\n\t\t\t\t\t\t\t\t\t<p>A couple of years later I saw Marnie (Alfred Hitchcock, 1964) in front of which I perceived that the camera and color allowed us to explore some disturbing areas of our being, until reaching something whose name I did not know: the unconscious. In addition, for the first time the subtitled original version allowed me to savor a concert of voices in a different language. <\/p><p>While my relatives slept, the original version, listened to with low volume, became a repeated clandestine pleasure, thanks to the programming of the Cin\u00e9 Club of Antenne 2 and the Cin\u00e9ma de Minuit of FR 3. Yes, then I lived in France. Memorable for me was the television screening of The Music Room (Jalsaghar, Satyajit Ray, 1958), three or four years later. Under the gaze of the Bengali filmmaker, whose name I did not even know, the hypnotic passage of time anesthetized reason and the everyday was charged with sensuality.   <\/p>\t\t\t\t\t\t\t\t<\/div>\n\t\t\t\t<\/div>\n\t\t<div class=\"elementor-element elementor-element-cc38dc5 e-con-full e-flex e-con e-child\" data-id=\"cc38dc5\" data-element_type=\"container\">\n\t\t\t\t<div class=\"elementor-element elementor-element-0d1b955 elementor-widget elementor-widget-image\" data-id=\"0d1b955\" data-element_type=\"widget\" data-widget_type=\"image.default\">\n\t\t\t\t\t\t\t\t\t\t\t\t\t\t\t<img loading=\"lazy\" decoding=\"async\" width=\"300\" height=\"168\" src=\"https:\/\/florealpeleato.com\/wp-content\/uploads\/2025\/09\/The-hustler-300x168-1.jpg\" class=\"attachment-full size-full wp-image-7460\" alt=\"\" \/>\t\t\t\t\t\t\t\t\t\t\t\t\t\t\t<\/div>\n\t\t\t\t<div class=\"elementor-element elementor-element-d7d0878 elementor-widget elementor-widget-text-editor\" data-id=\"d7d0878\" data-element_type=\"widget\" data-widget_type=\"text-editor.default\">\n\t\t\t\t\t\t\t\t\t<p>The Hustler<\/p>\t\t\t\t\t\t\t\t<\/div>\n\t\t\t\t<div class=\"elementor-element elementor-element-ee4d96e elementor-widget elementor-widget-image\" data-id=\"ee4d96e\" data-element_type=\"widget\" data-widget_type=\"image.default\">\n\t\t\t\t\t\t\t\t\t\t\t\t\t\t\t<img loading=\"lazy\" decoding=\"async\" width=\"300\" height=\"169\" src=\"https:\/\/florealpeleato.com\/wp-content\/uploads\/2025\/09\/Crin-Blanca-3-300x169.jpg\" class=\"attachment-medium size-medium wp-image-7461\" alt=\"\" srcset=\"https:\/\/florealpeleato.com\/wp-content\/uploads\/2025\/09\/Crin-Blanca-3-300x169.jpg 300w, https:\/\/florealpeleato.com\/wp-content\/uploads\/2025\/09\/Crin-Blanca-3.jpg 600w\" sizes=\"(max-width: 300px) 100vw, 300px\" \/>\t\t\t\t\t\t\t\t\t\t\t\t\t\t\t<\/div>\n\t\t\t\t<div class=\"elementor-element elementor-element-8c5da7e elementor-widget elementor-widget-text-editor\" data-id=\"8c5da7e\" data-element_type=\"widget\" data-widget_type=\"text-editor.default\">\n\t\t\t\t\t\t\t\t\t<p>White Mane<\/p>\t\t\t\t\t\t\t\t<\/div>\n\t\t\t\t<\/div>\n\t\t\t\t\t<\/div>\n\t\t\t\t<\/div>\n\t\t<div class=\"elementor-element elementor-element-3c5602b e-flex e-con-boxed e-con e-parent\" data-id=\"3c5602b\" data-element_type=\"container\" data-settings=\"{&quot;background_background&quot;:&quot;classic&quot;}\">\n\t\t\t\t\t<div class=\"e-con-inner\">\n\t\t<div class=\"elementor-element elementor-element-7e55813 e-con-full e-flex e-con e-child\" data-id=\"7e55813\" data-element_type=\"container\">\n\t\t\t\t<div class=\"elementor-element elementor-element-af44d5d elementor-widget elementor-widget-image\" data-id=\"af44d5d\" data-element_type=\"widget\" data-widget_type=\"image.default\">\n\t\t\t\t\t\t\t\t\t\t\t\t\t\t\t<img loading=\"lazy\" decoding=\"async\" width=\"284\" height=\"177\" src=\"https:\/\/florealpeleato.com\/wp-content\/uploads\/2025\/09\/Jalsaghar.jpg\" class=\"attachment-full size-full wp-image-7462\" alt=\"\" \/>\t\t\t\t\t\t\t\t\t\t\t\t\t\t\t<\/div>\n\t\t\t\t<div class=\"elementor-element elementor-element-bf88f61 elementor-widget elementor-widget-text-editor\" data-id=\"bf88f61\" data-element_type=\"widget\" data-widget_type=\"text-editor.default\">\n\t\t\t\t\t\t\t\t\t<p>Jalsaghar<\/p>\t\t\t\t\t\t\t\t<\/div>\n\t\t\t\t<div class=\"elementor-element elementor-element-0f8a2a9 elementor-widget elementor-widget-image\" data-id=\"0f8a2a9\" data-element_type=\"widget\" data-widget_type=\"image.default\">\n\t\t\t\t\t\t\t\t\t\t\t\t\t\t\t<img loading=\"lazy\" decoding=\"async\" width=\"300\" height=\"143\" src=\"https:\/\/florealpeleato.com\/wp-content\/uploads\/2025\/09\/Rojos-y-blancos-cartel-2-300x143.jpg\" class=\"attachment-medium size-medium wp-image-7463\" alt=\"\" srcset=\"https:\/\/florealpeleato.com\/wp-content\/uploads\/2025\/09\/Rojos-y-blancos-cartel-2-300x143.jpg 300w, https:\/\/florealpeleato.com\/wp-content\/uploads\/2025\/09\/Rojos-y-blancos-cartel-2.jpg 600w\" sizes=\"(max-width: 300px) 100vw, 300px\" \/>\t\t\t\t\t\t\t\t\t\t\t\t\t\t\t<\/div>\n\t\t\t\t<div class=\"elementor-element elementor-element-bb86f9a elementor-widget elementor-widget-text-editor\" data-id=\"bb86f9a\" data-element_type=\"widget\" data-widget_type=\"text-editor.default\">\n\t\t\t\t\t\t\t\t\t<p>The Red and the White<\/p>\t\t\t\t\t\t\t\t<\/div>\n\t\t\t\t<\/div>\n\t\t<div class=\"elementor-element elementor-element-0b5839b e-con-full e-flex e-con e-child\" data-id=\"0b5839b\" data-element_type=\"container\">\n\t\t\t\t<div class=\"elementor-element elementor-element-0028534 elementor-widget elementor-widget-text-editor\" data-id=\"0028534\" data-element_type=\"widget\" data-widget_type=\"text-editor.default\">\n\t\t\t\t\t\t\t\t\t<p>Very sensory was also a medium-length film that I saw when I was nine years old, I think, in the schoolyard, while it was raining: White Mane (Crin Blanc, Albert Lamorisse, 1953). I forgot it for many years, although I suppose I must have identified with the young Folco capable of riding the indomitable thoroughbred in the dunes of Camargue. <\/p><p>If I have learned anything with respect to the notion of mise en sc\u00e8ne it is because I had the fortune to see The Birds (Alfred Hitchcock, 1963) at thirteen years old. My admiration for that audacious epiphany, fortunately devoid of rational explanation, bordering on the abstract and seasoned with suspense, has never diminished. <\/p>\t\t\t\t\t\t\t\t<\/div>\n\t\t\t\t<\/div>\n\t\t\t\t\t<\/div>\n\t\t\t\t<\/div>\n\t\t<div class=\"elementor-element elementor-element-1bee6eb e-flex e-con-boxed e-con e-parent\" data-id=\"1bee6eb\" data-element_type=\"container\" data-settings=\"{&quot;background_background&quot;:&quot;classic&quot;}\">\n\t\t\t\t\t<div class=\"e-con-inner\">\n\t\t<div class=\"elementor-element elementor-element-9ad21f5 e-con-full e-flex e-con e-child\" data-id=\"9ad21f5\" data-element_type=\"container\">\n\t\t\t\t<div class=\"elementor-element elementor-element-4f5e9f9 elementor-widget elementor-widget-text-editor\" data-id=\"4f5e9f9\" data-element_type=\"widget\" data-widget_type=\"text-editor.default\">\n\t\t\t\t\t\t\t\t\t<p>Then I saw A Man Escaped (Un condamn\u00e9 \u00e0 mort s\u2019est \u00e9chapp\u00e9, Robert Bresson, 1956). The truth is, I don&#8217;t remember what I felt in the face of the edge of such cutting artistic control, although the sound space and the ellipses merged in a miraculous way into a mosaic of very fragmented planes. <\/p><p>During adolescence I began to see many films on the big screen. Among the deepest shocks are ten or fifteen American films, harsh and vital, shot during the seventies. I was also fascinated by the mineralization of the world filmed by Antonioni, the frescoes of Visconti and his pictorial use of color. And some female faces left an indelible mark, no less than their silhouettes and their voices.   <\/p>\t\t\t\t\t\t\t\t<\/div>\n\t\t\t\t<\/div>\n\t\t<div class=\"elementor-element elementor-element-6ce5e97 e-con-full e-flex e-con e-child\" data-id=\"6ce5e97\" data-element_type=\"container\">\n\t\t\t\t<div class=\"elementor-element elementor-element-e035bd8 elementor-widget elementor-widget-image\" data-id=\"e035bd8\" data-element_type=\"widget\" data-widget_type=\"image.default\">\n\t\t\t\t\t\t\t\t\t\t\t\t\t\t\t<img loading=\"lazy\" decoding=\"async\" width=\"300\" height=\"162\" src=\"https:\/\/florealpeleato.com\/wp-content\/uploads\/2025\/09\/The-Birds-300x162-1.jpg\" class=\"attachment-full size-full wp-image-7464\" alt=\"\" \/>\t\t\t\t\t\t\t\t\t\t\t\t\t\t\t<\/div>\n\t\t\t\t<div class=\"elementor-element elementor-element-ae1caa4 elementor-widget elementor-widget-text-editor\" data-id=\"ae1caa4\" data-element_type=\"widget\" data-widget_type=\"text-editor.default\">\n\t\t\t\t\t\t\t\t\t<p>The Birds<\/p>\t\t\t\t\t\t\t\t<\/div>\n\t\t\t\t<div class=\"elementor-element elementor-element-7342fbe elementor-widget elementor-widget-image\" data-id=\"7342fbe\" data-element_type=\"widget\" data-widget_type=\"image.default\">\n\t\t\t\t\t\t\t\t\t\t\t\t\t\t\t<img loading=\"lazy\" decoding=\"async\" width=\"255\" height=\"198\" src=\"https:\/\/florealpeleato.com\/wp-content\/uploads\/2025\/09\/Un-condamne-a-mort-sest-echappe.jpg\" class=\"attachment-full size-full wp-image-7465\" alt=\"\" \/>\t\t\t\t\t\t\t\t\t\t\t\t\t\t\t<\/div>\n\t\t\t\t<div class=\"elementor-element elementor-element-2ac71b9 elementor-widget elementor-widget-text-editor\" data-id=\"2ac71b9\" data-element_type=\"widget\" data-widget_type=\"text-editor.default\">\n\t\t\t\t\t\t\t\t\t<p>A Man Escaped<\/p>\t\t\t\t\t\t\t\t<\/div>\n\t\t\t\t<\/div>\n\t\t\t\t\t<\/div>\n\t\t\t\t<\/div>\n\t\t<div class=\"elementor-element elementor-element-4f346fc e-flex e-con-boxed e-con e-parent\" data-id=\"4f346fc\" data-element_type=\"container\" data-settings=\"{&quot;background_background&quot;:&quot;classic&quot;}\">\n\t\t\t\t\t<div class=\"e-con-inner\">\n\t\t<div class=\"elementor-element elementor-element-111c155 e-con-full e-flex e-con e-child\" data-id=\"111c155\" data-element_type=\"container\">\n\t\t\t\t<div class=\"elementor-element elementor-element-22607cf elementor-widget elementor-widget-image\" data-id=\"22607cf\" data-element_type=\"widget\" data-widget_type=\"image.default\">\n\t\t\t\t\t\t\t\t\t\t\t\t\t\t\t<img loading=\"lazy\" decoding=\"async\" width=\"300\" height=\"168\" src=\"https:\/\/florealpeleato.com\/wp-content\/uploads\/2025\/09\/Days-of-heaven-300x168-1.jpg\" class=\"attachment-full size-full wp-image-7466\" alt=\"\" \/>\t\t\t\t\t\t\t\t\t\t\t\t\t\t\t<\/div>\n\t\t\t\t<div class=\"elementor-element elementor-element-3e3868d elementor-widget elementor-widget-text-editor\" data-id=\"3e3868d\" data-element_type=\"widget\" data-widget_type=\"text-editor.default\">\n\t\t\t\t\t\t\t\t\t<p>Days of Heaven<\/p>\t\t\t\t\t\t\t\t<\/div>\n\t\t\t\t<div class=\"elementor-element elementor-element-2b12e31 elementor-widget elementor-widget-image\" data-id=\"2b12e31\" data-element_type=\"widget\" data-widget_type=\"image.default\">\n\t\t\t\t\t\t\t\t\t\t\t\t\t\t\t<img loading=\"lazy\" decoding=\"async\" width=\"300\" height=\"147\" src=\"https:\/\/florealpeleato.com\/wp-content\/uploads\/2025\/09\/Andrei-Rublev-300x147-1.jpg\" class=\"attachment-full size-full wp-image-7467\" alt=\"\" \/>\t\t\t\t\t\t\t\t\t\t\t\t\t\t\t<\/div>\n\t\t\t\t<div class=\"elementor-element elementor-element-240283f elementor-widget elementor-widget-text-editor\" data-id=\"240283f\" data-element_type=\"widget\" data-widget_type=\"text-editor.default\">\n\t\t\t\t\t\t\t\t\t<p>Andrei Rublev<\/p>\t\t\t\t\t\t\t\t<\/div>\n\t\t\t\t<\/div>\n\t\t<div class=\"elementor-element elementor-element-c61f33e e-con-full e-flex e-con e-child\" data-id=\"c61f33e\" data-element_type=\"container\">\n\t\t\t\t<div class=\"elementor-element elementor-element-995236f elementor-widget elementor-widget-text-editor\" data-id=\"995236f\" data-element_type=\"widget\" data-widget_type=\"text-editor.default\">\n\t\t\t\t\t\t\t\t\t<p>Among all those important films in my dawning memory as a spectator, I would like to highlight two: Days of Heaven (Terrence Malick, 1978) and Tabu (F W Murnau, 1931), the first sparse in words, the second silent, both lyrical and set in an all-powerful nature.<\/p><p>But above all I must place Bonnie and Clyde (Arthur Penn, 1967) and Andrei Rublev (Andrei Tarkovsky, 1967), seen by chance just after turning seventeen. Suffice it to say that my life as a spectator took a turn and that I still consider the last episode of Tarkovsky&#8217;s film (the casting of the bell) one of the most beautiful moments in the history of cinema. <\/p><p>Afterwards, I tried to allow myself time to know and understand the cinema.<\/p><p>And then I started writing and filming&#8230;<\/p>\t\t\t\t\t\t\t\t<\/div>\n\t\t\t\t<\/div>\n\t\t\t\t\t<\/div>\n\t\t\t\t<\/div>\n\t\t\t\t<\/div>\n\t\t","protected":false},"excerpt":{"rendered":"<p>About me My first cinematic pleasures were provided by films programmed on television, but sometimes my parents sent me to bed early, too early for my liking. By listening to films from the bedroom, I discovered the so-called \u201coff\u201d space. During my childhood, I enjoyed watching film noir and comedies, among which the most exhilarating [&hellip;]<\/p>\n","protected":false},"author":1,"featured_media":0,"parent":0,"menu_order":0,"comment_status":"closed","ping_status":"closed","template":"elementor_header_footer","meta":{"_acf_changed":false,"footnotes":""},"class_list":["post-7604","page","type-page","status-publish","hentry"],"acf":[],"_links":{"self":[{"href":"https:\/\/florealpeleato.com\/en\/wp-json\/wp\/v2\/pages\/7604","targetHints":{"allow":["GET"]}}],"collection":[{"href":"https:\/\/florealpeleato.com\/en\/wp-json\/wp\/v2\/pages"}],"about":[{"href":"https:\/\/florealpeleato.com\/en\/wp-json\/wp\/v2\/types\/page"}],"author":[{"embeddable":true,"href":"https:\/\/florealpeleato.com\/en\/wp-json\/wp\/v2\/users\/1"}],"replies":[{"embeddable":true,"href":"https:\/\/florealpeleato.com\/en\/wp-json\/wp\/v2\/comments?post=7604"}],"version-history":[{"count":3,"href":"https:\/\/florealpeleato.com\/en\/wp-json\/wp\/v2\/pages\/7604\/revisions"}],"predecessor-version":[{"id":7801,"href":"https:\/\/florealpeleato.com\/en\/wp-json\/wp\/v2\/pages\/7604\/revisions\/7801"}],"wp:attachment":[{"href":"https:\/\/florealpeleato.com\/en\/wp-json\/wp\/v2\/media?parent=7604"}],"curies":[{"name":"wp","href":"https:\/\/api.w.org\/{rel}","templated":true}]}}