{"id":7592,"date":"2025-09-09T21:47:20","date_gmt":"2025-09-09T19:47:20","guid":{"rendered":"https:\/\/florealpeleato.com\/training\/"},"modified":"2025-09-18T09:45:58","modified_gmt":"2025-09-18T07:45:58","slug":"training","status":"publish","type":"page","link":"https:\/\/florealpeleato.com\/en\/training\/","title":{"rendered":"Training"},"content":{"rendered":"\t\t<div data-elementor-type=\"wp-page\" data-elementor-id=\"7592\" class=\"elementor elementor-7592 elementor-7029\" data-elementor-post-type=\"page\">\n\t\t\t\t<div class=\"elementor-element elementor-element-42045b8 e-con-full e-flex e-con e-parent\" data-id=\"42045b8\" data-element_type=\"container\" data-settings=\"{&quot;background_background&quot;:&quot;classic&quot;}\">\n\t\t<div class=\"elementor-element elementor-element-e492079 e-flex e-con-boxed e-con e-child\" data-id=\"e492079\" data-element_type=\"container\">\n\t\t\t\t\t<div class=\"e-con-inner\">\n\t\t\t\t<div class=\"elementor-element elementor-element-19b2637 elementor-widget elementor-widget-heading\" data-id=\"19b2637\" data-element_type=\"widget\" data-widget_type=\"heading.default\">\n\t\t\t\t\t<h1 class=\"elementor-heading-title elementor-size-default\">Training and consulting<\/h1>\t\t\t\t<\/div>\n\t\t\t\t<div class=\"elementor-element elementor-element-4226c01 elementor-widget elementor-widget-image\" data-id=\"4226c01\" data-element_type=\"widget\" data-widget_type=\"image.default\">\n\t\t\t\t\t\t\t\t\t\t\t\t\t\t\t<img fetchpriority=\"high\" decoding=\"async\" width=\"800\" height=\"534\" src=\"https:\/\/florealpeleato.com\/wp-content\/uploads\/2025\/09\/formacion-1024x683.jpg\" class=\"attachment-large size-large wp-image-7440\" alt=\"\" srcset=\"https:\/\/florealpeleato.com\/wp-content\/uploads\/2025\/09\/formacion-1024x683.jpg 1024w, https:\/\/florealpeleato.com\/wp-content\/uploads\/2025\/09\/formacion-300x200.jpg 300w, https:\/\/florealpeleato.com\/wp-content\/uploads\/2025\/09\/formacion-768x512.jpg 768w, https:\/\/florealpeleato.com\/wp-content\/uploads\/2025\/09\/formacion.jpg 1200w\" sizes=\"(max-width: 800px) 100vw, 800px\" \/>\t\t\t\t\t\t\t\t\t\t\t\t\t\t\t<\/div>\n\t\t\t\t<div class=\"elementor-element elementor-element-c54e1e7 elementor-widget elementor-widget-text-editor\" data-id=\"c54e1e7\" data-element_type=\"widget\" data-widget_type=\"text-editor.default\">\n\t\t\t\t\t\t\t\t\t<p>Over the years, there has been no shortage of detours or shortcuts to lead me time and again to teaching and adult education. It would be an exaggeration to say that it has been vocational; rather, it has been due to often fortunate circumstances. <\/p><p>In a \u201cprevious life,\u201d I was a trainer in Human Resources for an audience of unemployed people and executives. Afterward, I went on to lead classes and workshops on cinema in different countries (Spain, Portugal, France, United States, Colombia, Bolivia, Peru, and Panama) and for diverse audiences, from high school students to film professionals, including film students and indigenous people accustomed to directing documentaries who wished to write fiction. <\/p><p>As an example, from 2008 onward, I taught film classes to more than three thousand students at the French Lyceum in Madrid, on about fifteen different subjects, and collaborated with almost forty teachers.<\/p><p>On more than one occasion, I have led workshops on writing or rewriting screenplays, and Proim\u00e1genes of Colombia has proposed that I be an international script tutor for four projects rewarded in 2014 by the FDC (Film Development Fund). In this case, the work consists of advising the screenwriters so that they discover what story they really want and can tell, that they choose a personal dramatic form and enhance it. And over the years I have read hundreds of feature film scripts.  <\/p><p>With regard to the coordination of cultural activities, I will say that I designed the retrospective dedicated to Spanish cinema at the Premiers Plans festival in Angers, a cycle of 25 films at the Museum of Modern Art in Bogot\u00e1 on screenwriting, and a cycle of 50 films on melancholy at the Spanish Film Archive.<\/p>\t\t\t\t\t\t\t\t<\/div>\n\t\t\t\t\t<\/div>\n\t\t\t\t<\/div>\n\t\t\t\t<\/div>\n\t\t<div class=\"elementor-element elementor-element-5389980 e-flex e-con-boxed e-con e-parent\" data-id=\"5389980\" data-element_type=\"container\" data-settings=\"{&quot;background_background&quot;:&quot;classic&quot;}\">\n\t\t\t\t\t<div class=\"e-con-inner\">\n\t\t<div class=\"elementor-element elementor-element-4711424 e-con-full e-flex e-con e-child\" data-id=\"4711424\" data-element_type=\"container\">\n\t\t\t\t<div class=\"elementor-element elementor-element-775dc7c elementor-widget elementor-widget-image\" data-id=\"775dc7c\" data-element_type=\"widget\" data-widget_type=\"image.default\">\n\t\t\t\t\t\t\t\t\t\t\t\t\t\t\t<img decoding=\"async\" width=\"526\" height=\"526\" src=\"https:\/\/florealpeleato.com\/wp-content\/uploads\/2025\/09\/curso-online-guion.jpg\" class=\"attachment-large size-large wp-image-7441\" alt=\"\" srcset=\"https:\/\/florealpeleato.com\/wp-content\/uploads\/2025\/09\/curso-online-guion.jpg 526w, https:\/\/florealpeleato.com\/wp-content\/uploads\/2025\/09\/curso-online-guion-300x300.jpg 300w, https:\/\/florealpeleato.com\/wp-content\/uploads\/2025\/09\/curso-online-guion-150x150.jpg 150w\" sizes=\"(max-width: 526px) 100vw, 526px\" \/>\t\t\t\t\t\t\t\t\t\t\t\t\t\t\t<\/div>\n\t\t\t\t<\/div>\n\t\t<div class=\"elementor-element elementor-element-4c069cb e-con-full e-flex e-con e-child\" data-id=\"4c069cb\" data-element_type=\"container\">\n\t\t\t\t<div class=\"elementor-element elementor-element-556948b elementor-widget elementor-widget-image\" data-id=\"556948b\" data-element_type=\"widget\" data-widget_type=\"image.default\">\n\t\t\t\t\t\t\t\t\t\t\t\t\t\t\t<img decoding=\"async\" width=\"526\" height=\"296\" src=\"https:\/\/florealpeleato.com\/wp-content\/uploads\/2025\/09\/rtve.jpg\" class=\"attachment-large size-large wp-image-7442\" alt=\"\" srcset=\"https:\/\/florealpeleato.com\/wp-content\/uploads\/2025\/09\/rtve.jpg 526w, https:\/\/florealpeleato.com\/wp-content\/uploads\/2025\/09\/rtve-300x169.jpg 300w\" sizes=\"(max-width: 526px) 100vw, 526px\" \/>\t\t\t\t\t\t\t\t\t\t\t\t\t\t\t<\/div>\n\t\t\t\t<\/div>\n\t\t<div class=\"elementor-element elementor-element-12968b8 e-con-full e-flex e-con e-child\" data-id=\"12968b8\" data-element_type=\"container\">\n\t\t\t\t<div class=\"elementor-element elementor-element-0dfc060 elementor-widget elementor-widget-image\" data-id=\"0dfc060\" data-element_type=\"widget\" data-widget_type=\"image.default\">\n\t\t\t\t\t\t\t\t\t\t\t\t\t\t\t<img loading=\"lazy\" decoding=\"async\" width=\"526\" height=\"526\" src=\"https:\/\/florealpeleato.com\/wp-content\/uploads\/2025\/09\/curso-rtve.jpg\" class=\"attachment-large size-large wp-image-7443\" alt=\"\" srcset=\"https:\/\/florealpeleato.com\/wp-content\/uploads\/2025\/09\/curso-rtve.jpg 526w, https:\/\/florealpeleato.com\/wp-content\/uploads\/2025\/09\/curso-rtve-300x300.jpg 300w, https:\/\/florealpeleato.com\/wp-content\/uploads\/2025\/09\/curso-rtve-150x150.jpg 150w\" sizes=\"(max-width: 526px) 100vw, 526px\" \/>\t\t\t\t\t\t\t\t\t\t\t\t\t\t\t<\/div>\n\t\t\t\t<\/div>\n\t\t\t\t\t<\/div>\n\t\t\t\t<\/div>\n\t\t<div class=\"elementor-element elementor-element-aac728e e-flex e-con-boxed e-con e-parent\" data-id=\"aac728e\" data-element_type=\"container\" data-settings=\"{&quot;background_background&quot;:&quot;classic&quot;}\">\n\t\t\t\t\t<div class=\"e-con-inner\">\n\t\t<div class=\"elementor-element elementor-element-d8a4c76 e-con-full e-flex e-con e-child\" data-id=\"d8a4c76\" data-element_type=\"container\">\n\t\t\t\t<div class=\"elementor-element elementor-element-7724887 elementor-widget elementor-widget-text-editor\" data-id=\"7724887\" data-element_type=\"widget\" data-widget_type=\"text-editor.default\">\n\t\t\t\t\t\t\t\t\t<ul><li>2025, expert teacher of the cinematographic script, narrative structures, and character creation courses of the Haz \u2013 RTVE Instituto project.<\/li><li>Member of the Eurimages pool of external experts (2021-2024).<\/li><li>In 2024, member of the commission for aid to the production of feature films and short films of the ICAA (Institute of Cinematography and Audiovisual Arts), and member of the external committee for aid to the production of the ICDC (Canary Islands Institute of Cultural Development).<\/li><li>AECID (Spanish Agency for International Cooperation and Development)<\/li><li>Master of Creative Writing (National University of Colombia)<\/li><li>PROIM\u00c1GENES (Film Promotion Fund of Colombia)<\/li><li>Seton Hall University (New Jersey, USA)<\/li><li>ESMAE (Superior School of Arts, Polytechnic Institute of Porto)<\/li><li>French lyceums of Madrid and Lisbon<\/li><li>CTIF (Territorial Center for Innovation and Training) of Madrid)<\/li><li>Cultural centers of Spain (Santa Cruz de la Sierra in Bolivia and Lima in Peru).<\/li><\/ul>\t\t\t\t\t\t\t\t<\/div>\n\t\t\t\t<\/div>\n\t\t<div class=\"elementor-element elementor-element-233c92a e-con-full e-flex e-con e-child\" data-id=\"233c92a\" data-element_type=\"container\">\n\t\t\t\t<div class=\"elementor-element elementor-element-6f3da6a elementor-widget elementor-widget-text-editor\" data-id=\"6f3da6a\" data-element_type=\"widget\" data-widget_type=\"text-editor.default\">\n\t\t\t\t\t\t\t\t\t<ul><li>Universities: Technological (Panama), Javeriana (Bogot\u00e1), National (Bogot\u00e1), Huelva, Alicante, Complutense, Perpignan, Diakon\u00eda (Santa Cruz, Bolivia) and Sciences Politiques (Toulouse, France).<\/li><li>Publishing houses (Larousse, Pearson Educaci\u00f3n, Oxford Internacional)<\/li><li>Panamanian Writers Association<\/li><li>Spanish Film Archive.<\/li><li>Museum of Modern Art of Bogot\u00e1.<\/li><li>Cefrec (Film Production Training Center, Bolivia)<\/li><li>SGAE (General Society of Authors and Publishers)<\/li><li>Festival Premiers Plans (Angers, France)<\/li><li>Institut Jean Vigo (Perpignan, France)<\/li><li>C\u00edrculo de Bellas Artes (Madrid)<\/li><li>Teacher training centers (CPR, Madrid)<\/li><li>Official language schools<\/li><li>Between 2019 and 2021, monthly meetings at the French Institute of Madrid about French cinema. Guests: Emma Su\u00e1rez, Fernando Trueba, Elvira Lindo, Carmen Maura, Fernando Savater, Jaime Rosales, Carmen Posadas, Fernando Lara, Pablo Berger, etc. <\/li><\/ul>\t\t\t\t\t\t\t\t<\/div>\n\t\t\t\t<\/div>\n\t\t\t\t\t<\/div>\n\t\t\t\t<\/div>\n\t\t\t\t<\/div>\n\t\t","protected":false},"excerpt":{"rendered":"<p>Training and consulting Over the years, there has been no shortage of detours or shortcuts to lead me time and again to teaching and adult education. It would be an exaggeration to say that it has been vocational; rather, it has been due to often fortunate circumstances. In a \u201cprevious life,\u201d I was a trainer [&hellip;]<\/p>\n","protected":false},"author":1,"featured_media":0,"parent":0,"menu_order":0,"comment_status":"closed","ping_status":"closed","template":"elementor_header_footer","meta":{"_acf_changed":false,"footnotes":""},"class_list":["post-7592","page","type-page","status-publish","hentry"],"acf":[],"_links":{"self":[{"href":"https:\/\/florealpeleato.com\/en\/wp-json\/wp\/v2\/pages\/7592","targetHints":{"allow":["GET"]}}],"collection":[{"href":"https:\/\/florealpeleato.com\/en\/wp-json\/wp\/v2\/pages"}],"about":[{"href":"https:\/\/florealpeleato.com\/en\/wp-json\/wp\/v2\/types\/page"}],"author":[{"embeddable":true,"href":"https:\/\/florealpeleato.com\/en\/wp-json\/wp\/v2\/users\/1"}],"replies":[{"embeddable":true,"href":"https:\/\/florealpeleato.com\/en\/wp-json\/wp\/v2\/comments?post=7592"}],"version-history":[{"count":2,"href":"https:\/\/florealpeleato.com\/en\/wp-json\/wp\/v2\/pages\/7592\/revisions"}],"predecessor-version":[{"id":7831,"href":"https:\/\/florealpeleato.com\/en\/wp-json\/wp\/v2\/pages\/7592\/revisions\/7831"}],"wp:attachment":[{"href":"https:\/\/florealpeleato.com\/en\/wp-json\/wp\/v2\/media?parent=7592"}],"curies":[{"name":"wp","href":"https:\/\/api.w.org\/{rel}","templated":true}]}}